{"id":155,"date":"2017-05-29T21:47:59","date_gmt":"2017-05-29T18:47:59","guid":{"rendered":"http:\/\/thestu.tp-server.gr\/tr\/?page_id=155"},"modified":"2017-06-06T10:16:32","modified_gmt":"2017-06-06T07:16:32","slug":"%ce%b5%cf%80%ce%b9%ce%ba%ce%bf%ce%b9%ce%bd%cf%89%ce%bd%ce%af%ce%b1","status":"publish","type":"page","link":"https:\/\/www.thermistudios.gr\/tr\/%ce%b5%cf%80%ce%b9%ce%ba%ce%bf%ce%b9%ce%bd%cf%89%ce%bd%ce%af%ce%b1\/","title":{"rendered":"\u0130leti\u015fim"},"content":{"rendered":"<div class=\"wpb-content-wrapper\">[vc_row][vc_column width=&#8221;1\/2&#8243;]\n<div class=\"wpcf7 no-js\" id=\"wpcf7-f4-o1\" lang=\"el\" dir=\"ltr\" data-wpcf7-id=\"4\">\n<div class=\"screen-reader-response\"><p role=\"status\" aria-live=\"polite\" aria-atomic=\"true\"><\/p> <ul><\/ul><\/div>\n<form action=\"\/tr\/wp-json\/wp\/v2\/pages\/155#wpcf7-f4-o1\" method=\"post\" class=\"wpcf7-form init\" aria-label=\"\u03a6\u03cc\u03c1\u03bc\u03b1 \u03b5\u03c0\u03b9\u03ba\u03bf\u03b9\u03bd\u03c9\u03bd\u03af\u03b1\u03c2\" novalidate=\"novalidate\" data-status=\"init\">\n<fieldset class=\"hidden-fields-container\"><input type=\"hidden\" name=\"_wpcf7\" value=\"4\" \/><input type=\"hidden\" name=\"_wpcf7_version\" value=\"6.1.5\" \/><input type=\"hidden\" name=\"_wpcf7_locale\" value=\"el\" \/><input type=\"hidden\" name=\"_wpcf7_unit_tag\" value=\"wpcf7-f4-o1\" \/><input type=\"hidden\" name=\"_wpcf7_container_post\" value=\"0\" \/><input type=\"hidden\" name=\"_wpcf7_posted_data_hash\" value=\"\" \/>\n<\/fieldset>\n<p><span class=\"wpcf7-form-control-wrap\" data-name=\"onoma\"><input size=\"40\" maxlength=\"400\" class=\"wpcf7-form-control wpcf7-text wpcf7-validates-as-required\" aria-required=\"true\" aria-invalid=\"false\" placeholder=\"\u038c\u03bd\u03bf\u03bc\u03b1\" value=\"\" type=\"text\" name=\"onoma\" \/><\/span><span class=\"wpcf7-form-control-wrap\" data-name=\"epitheto\"><input size=\"40\" maxlength=\"400\" class=\"wpcf7-form-control wpcf7-text wpcf7-validates-as-required\" aria-required=\"true\" aria-invalid=\"false\" placeholder=\"\u0395\u03c0\u03af\u03b8\u03b5\u03c4\u03bf\" value=\"\" type=\"text\" name=\"epitheto\" \/><\/span>\n<\/p>\n<p><span class=\"wpcf7-form-control-wrap\" data-name=\"thlefono\"><input size=\"40\" maxlength=\"400\" class=\"wpcf7-form-control wpcf7-text wpcf7-validates-as-required\" aria-required=\"true\" aria-invalid=\"false\" placeholder=\"\u03a4\u03b7\u03bb\u03ad\u03c6\u03c9\u03bd\u03bf (\u03ba\u03b9\u03bd\u03b7\u03c4\u03cc)\" value=\"\" type=\"text\" name=\"thlefono\" \/><\/span><span class=\"wpcf7-form-control-wrap\" data-name=\"email\"><input size=\"40\" maxlength=\"400\" class=\"wpcf7-form-control wpcf7-email wpcf7-validates-as-required wpcf7-text wpcf7-validates-as-email\" aria-required=\"true\" aria-invalid=\"false\" placeholder=\"E-mail\" value=\"\" type=\"email\" name=\"email\" \/><\/span>\n<\/p>\n<p><span class=\"wpcf7-form-control-wrap\" data-name=\"remarks\"><textarea cols=\"40\" rows=\"10\" maxlength=\"2000\" class=\"wpcf7-form-control wpcf7-textarea\" aria-invalid=\"false\" placeholder=\"\u039c\u03ae\u03bd\u03c5\u03bc\u03b1\" name=\"remarks\"><\/textarea><\/span>\n<\/p>\n<p><input class=\"wpcf7-form-control wpcf7-submit has-spinner\" type=\"submit\" value=\"\u0391\u03c0\u03bf\u03c3\u03c4\u03bf\u03bb\u03ae\" \/>\n<\/p><div class=\"wpcf7-response-output\" aria-hidden=\"true\"><\/div>\n<\/form>\n<\/div>\n[\/vc_column][vc_column width=&#8221;1\/2&#8243;][vc_column_text]\n<p align=\"center\"><iframe loading=\"lazy\" src=\"https:\/\/www.google.com\/maps\/d\/u\/0\/embed?mid=1FvNCEjjmNQHYzcf8X--izRg1XWA&amp;z=8\" width=\"555\" height=\"255\"><\/iframe><\/p>\n<p><img loading=\"lazy\" decoding=\"async\" class=\"aligncenter size-full wp-image-191\" src=\"http:\/\/thestu.tp-server.gr\/tr\/wp-content\/uploads\/2017\/05\/phone-hand2b.jpg\" alt=\"\" width=\"360\" height=\"166\" srcset=\"https:\/\/www.thermistudios.gr\/tr\/wp-content\/uploads\/2017\/05\/phone-hand2b.jpg 360w, https:\/\/www.thermistudios.gr\/tr\/wp-content\/uploads\/2017\/05\/phone-hand2b-300x138.jpg 300w\" sizes=\"auto, (max-width: 360px) 100vw, 360px\" \/>[\/vc_column_text][\/vc_column][\/vc_row]\n<\/div>","protected":false},"excerpt":{"rendered":"<p>[vc_row][vc_column width=&#8221;1\/2&#8243;][\/vc_column][vc_column width=&#8221;1\/2&#8243;][vc_column_text] [\/vc_column_text][\/vc_column][\/vc_row]<\/p>\n","protected":false},"author":1,"featured_media":0,"parent":0,"menu_order":0,"comment_status":"closed","ping_status":"closed","template":"","meta":{"footnotes":""},"class_list":["post-155","page","type-page","status-publish","hentry"],"yoast_head":"<!-- This site is optimized with the Yoast SEO plugin v27.4 - https:\/\/yoast.com\/product\/yoast-seo-wordpress\/ -->\n<title>\u0130leti\u015fim | \u03a0\u0391\u03a1\u0391\u0394\u0395\u0399\u03a3\u039f\u03a3 \u0395\u03bd\u03bf\u03b9\u03ba\u03b9\u03b1\u03b6\u03cc\u03bc\u03b5\u03bd\u03b1 \u0394\u03b9\u03b1\u03bc\u03b5\u03c1\u03af\u03c3\u03bc\u03b1\u03c4\u03b1 \u03ba\u03b1\u03b9 \u0394\u03c9\u03bc\u03ac\u03c4\u03b9\u03b1 \u03c3\u03c4\u03b7 \u0398\u03b5\u03c1\u03bc\u03ae \u039c\u03c5\u03c4\u03b9\u03bb\u03ae\u03bd\u03b7 \u039b\u03ad\u03c3\u03b2\u03bf\u03c2 | PARADISOS Apartments for rent and Rooms for rent at Thermi Mytilene Lesvos | PARADISOS Thermi Mytilene Lesvos kiral\u0131k daire ve kiral\u0131k daireler<\/title>\n<meta name=\"description\" content=\"\u03a0\u03b1\u03c1\u03ac\u03b4\u03b5\u03b9\u03c3\u03bf\u03c2 \u0395\u03bd\u03bf\u03b9\u03ba\u03b9\u03b1\u03b6\u03cc\u03bc\u03b5\u03bd\u03b1 \u0394\u03b9\u03b1\u03bc\u03b5\u03c1\u03af\u03c3\u03bc\u03b1\u03c4\u03b1 \u03ba\u03b1\u03b9 \u0395\u03bd\u03bf\u03b9\u03ba\u03bf\u03b9\u03b1\u03b6\u03cc\u03bc\u03b5\u03bd\u03b1 \u0394\u03c9\u03bc\u03ac\u03c4\u03b9\u03b1 \u03c3\u03c4\u03b7 \u0398\u03ad\u03c1\u03bc\u03b7 \u039b\u03ad\u03c3\u03b2\u03bf\u03c2 \u039c\u03c5\u03c4\u03b9\u03bb\u03ae\u03bd\u03b7 \u03cc\u03c7\u03b9 \u03b1\u03c0\u03bb\u03ac \u03ad\u03bd\u03b1 \u039e\u03b5\u03bd\u03bf\u03b4\u03bf\u03c7\u03b5\u03af\u03bf \u03c3\u03c4\u03b7 \u039b\u03ad\u03c3\u03b2\u03bf \u03ae \u03ad\u03bd\u03b1 \u03b1\u03c0\u03cc \u03c4\u03b1 \u039e\u03b5\u03bd\u03bf\u03b4\u03bf\u03c7\u03b5\u03af\u03b1 \u03c3\u03c4\u03b7 \u039b\u03ad\u03c3\u03b2\u03bf | PARADISOS Apartments and Rooms to Rent in Thermi Lesvos Mytilene not just a hotel in Lesvos or one of the Hotels in Lesvos | PARADISOS Thermi Lesvos Mytilene Kiral\u0131k Daireler ve Odalar, sadece Lesvos bir otel de\u011fil ya da Lesvos Otellerden biri de\u011fil\" \/>\n<meta name=\"robots\" content=\"index, follow, max-snippet:-1, max-image-preview:large, max-video-preview:-1\" \/>\n<link rel=\"canonical\" href=\"https:\/\/www.thermistudios.gr\/tr\/\u03b5\u03c0\u03b9\u03ba\u03bf\u03b9\u03bd\u03c9\u03bd\u03af\u03b1\/\" \/>\n<meta property=\"og:locale\" content=\"el_GR\" \/>\n<meta property=\"og:type\" content=\"article\" \/>\n<meta property=\"og:title\" content=\"\u0130leti\u015fim | \u03a0\u0391\u03a1\u0391\u0394\u0395\u0399\u03a3\u039f\u03a3 \u0395\u03bd\u03bf\u03b9\u03ba\u03b9\u03b1\u03b6\u03cc\u03bc\u03b5\u03bd\u03b1 \u0394\u03b9\u03b1\u03bc\u03b5\u03c1\u03af\u03c3\u03bc\u03b1\u03c4\u03b1 \u03ba\u03b1\u03b9 \u0394\u03c9\u03bc\u03ac\u03c4\u03b9\u03b1 \u03c3\u03c4\u03b7 \u0398\u03b5\u03c1\u03bc\u03ae \u039c\u03c5\u03c4\u03b9\u03bb\u03ae\u03bd\u03b7 \u039b\u03ad\u03c3\u03b2\u03bf\u03c2 | PARADISOS Apartments for rent and Rooms for rent at Thermi Mytilene Lesvos | PARADISOS Thermi Mytilene Lesvos kiral\u0131k daire ve kiral\u0131k daireler\" \/>\n<meta property=\"og:description\" content=\"\u03a0\u03b1\u03c1\u03ac\u03b4\u03b5\u03b9\u03c3\u03bf\u03c2 \u0395\u03bd\u03bf\u03b9\u03ba\u03b9\u03b1\u03b6\u03cc\u03bc\u03b5\u03bd\u03b1 \u0394\u03b9\u03b1\u03bc\u03b5\u03c1\u03af\u03c3\u03bc\u03b1\u03c4\u03b1 \u03ba\u03b1\u03b9 \u0395\u03bd\u03bf\u03b9\u03ba\u03bf\u03b9\u03b1\u03b6\u03cc\u03bc\u03b5\u03bd\u03b1 \u0394\u03c9\u03bc\u03ac\u03c4\u03b9\u03b1 \u03c3\u03c4\u03b7 \u0398\u03ad\u03c1\u03bc\u03b7 \u039b\u03ad\u03c3\u03b2\u03bf\u03c2 \u039c\u03c5\u03c4\u03b9\u03bb\u03ae\u03bd\u03b7 \u03cc\u03c7\u03b9 \u03b1\u03c0\u03bb\u03ac \u03ad\u03bd\u03b1 \u039e\u03b5\u03bd\u03bf\u03b4\u03bf\u03c7\u03b5\u03af\u03bf \u03c3\u03c4\u03b7 \u039b\u03ad\u03c3\u03b2\u03bf \u03ae \u03ad\u03bd\u03b1 \u03b1\u03c0\u03cc \u03c4\u03b1 \u039e\u03b5\u03bd\u03bf\u03b4\u03bf\u03c7\u03b5\u03af\u03b1 \u03c3\u03c4\u03b7 \u039b\u03ad\u03c3\u03b2\u03bf | PARADISOS Apartments and Rooms to Rent in Thermi Lesvos Mytilene not just a hotel in Lesvos or one of the Hotels in Lesvos | PARADISOS Thermi Lesvos Mytilene Kiral\u0131k Daireler ve Odalar, sadece Lesvos bir otel de\u011fil ya da Lesvos Otellerden biri de\u011fil\" \/>\n<meta property=\"og:url\" content=\"https:\/\/www.thermistudios.gr\/tr\/\u03b5\u03c0\u03b9\u03ba\u03bf\u03b9\u03bd\u03c9\u03bd\u03af\u03b1\/\" \/>\n<meta property=\"og:site_name\" content=\"\u03a0\u0391\u03a1\u0391\u0394\u0395\u0399\u03a3\u039f\u03a3 \u0395\u03bd\u03bf\u03b9\u03ba\u03b9\u03b1\u03b6\u03cc\u03bc\u03b5\u03bd\u03b1 \u0394\u03b9\u03b1\u03bc\u03b5\u03c1\u03af\u03c3\u03bc\u03b1\u03c4\u03b1 \u03ba\u03b1\u03b9 \u0394\u03c9\u03bc\u03ac\u03c4\u03b9\u03b1 \u03c3\u03c4\u03b7 \u0398\u03b5\u03c1\u03bc\u03ae \u039c\u03c5\u03c4\u03b9\u03bb\u03ae\u03bd\u03b7 \u039b\u03ad\u03c3\u03b2\u03bf\u03c2 | PARADISOS Apartments for rent and Rooms for rent at Thermi Mytilene Lesvos | PARADISOS Thermi Mytilene Lesvos kiral\u0131k daire ve kiral\u0131k daireler\" \/>\n<meta property=\"article:modified_time\" content=\"2017-06-06T07:16:32+00:00\" \/>\n<meta property=\"og:image\" content=\"http:\/\/thestu.tp-server.gr\/tr\/wp-content\/uploads\/2017\/05\/phone-hand2b.jpg\" \/>\n<meta name=\"twitter:card\" content=\"summary_large_image\" \/>\n<script type=\"application\/ld+json\" class=\"yoast-schema-graph\">{\"@context\":\"https:\\\/\\\/schema.org\",\"@graph\":[{\"@type\":\"WebPage\",\"@id\":\"https:\\\/\\\/www.thermistudios.gr\\\/tr\\\/%ce%b5%cf%80%ce%b9%ce%ba%ce%bf%ce%b9%ce%bd%cf%89%ce%bd%ce%af%ce%b1\\\/\",\"url\":\"https:\\\/\\\/www.thermistudios.gr\\\/tr\\\/%ce%b5%cf%80%ce%b9%ce%ba%ce%bf%ce%b9%ce%bd%cf%89%ce%bd%ce%af%ce%b1\\\/\",\"name\":\"\u0130leti\u015fim | \u03a0\u0391\u03a1\u0391\u0394\u0395\u0399\u03a3\u039f\u03a3 \u0395\u03bd\u03bf\u03b9\u03ba\u03b9\u03b1\u03b6\u03cc\u03bc\u03b5\u03bd\u03b1 \u0394\u03b9\u03b1\u03bc\u03b5\u03c1\u03af\u03c3\u03bc\u03b1\u03c4\u03b1 \u03ba\u03b1\u03b9 \u0394\u03c9\u03bc\u03ac\u03c4\u03b9\u03b1 \u03c3\u03c4\u03b7 \u0398\u03b5\u03c1\u03bc\u03ae \u039c\u03c5\u03c4\u03b9\u03bb\u03ae\u03bd\u03b7 \u039b\u03ad\u03c3\u03b2\u03bf\u03c2 | PARADISOS Apartments for rent and Rooms for rent at Thermi Mytilene Lesvos | PARADISOS Thermi Mytilene Lesvos kiral\u0131k daire ve kiral\u0131k daireler\",\"isPartOf\":{\"@id\":\"https:\\\/\\\/www.thermistudios.gr\\\/tr\\\/#website\"},\"primaryImageOfPage\":{\"@id\":\"https:\\\/\\\/www.thermistudios.gr\\\/tr\\\/%ce%b5%cf%80%ce%b9%ce%ba%ce%bf%ce%b9%ce%bd%cf%89%ce%bd%ce%af%ce%b1\\\/#primaryimage\"},\"image\":{\"@id\":\"https:\\\/\\\/www.thermistudios.gr\\\/tr\\\/%ce%b5%cf%80%ce%b9%ce%ba%ce%bf%ce%b9%ce%bd%cf%89%ce%bd%ce%af%ce%b1\\\/#primaryimage\"},\"thumbnailUrl\":\"http:\\\/\\\/thestu.tp-server.gr\\\/tr\\\/wp-content\\\/uploads\\\/2017\\\/05\\\/phone-hand2b.jpg\",\"datePublished\":\"2017-05-29T18:47:59+00:00\",\"dateModified\":\"2017-06-06T07:16:32+00:00\",\"description\":\"\u03a0\u03b1\u03c1\u03ac\u03b4\u03b5\u03b9\u03c3\u03bf\u03c2 \u0395\u03bd\u03bf\u03b9\u03ba\u03b9\u03b1\u03b6\u03cc\u03bc\u03b5\u03bd\u03b1 \u0394\u03b9\u03b1\u03bc\u03b5\u03c1\u03af\u03c3\u03bc\u03b1\u03c4\u03b1 \u03ba\u03b1\u03b9 \u0395\u03bd\u03bf\u03b9\u03ba\u03bf\u03b9\u03b1\u03b6\u03cc\u03bc\u03b5\u03bd\u03b1 \u0394\u03c9\u03bc\u03ac\u03c4\u03b9\u03b1 \u03c3\u03c4\u03b7 \u0398\u03ad\u03c1\u03bc\u03b7 \u039b\u03ad\u03c3\u03b2\u03bf\u03c2 \u039c\u03c5\u03c4\u03b9\u03bb\u03ae\u03bd\u03b7 \u03cc\u03c7\u03b9 \u03b1\u03c0\u03bb\u03ac \u03ad\u03bd\u03b1 \u039e\u03b5\u03bd\u03bf\u03b4\u03bf\u03c7\u03b5\u03af\u03bf \u03c3\u03c4\u03b7 \u039b\u03ad\u03c3\u03b2\u03bf \u03ae \u03ad\u03bd\u03b1 \u03b1\u03c0\u03cc \u03c4\u03b1 \u039e\u03b5\u03bd\u03bf\u03b4\u03bf\u03c7\u03b5\u03af\u03b1 \u03c3\u03c4\u03b7 \u039b\u03ad\u03c3\u03b2\u03bf | PARADISOS Apartments and Rooms to Rent in Thermi Lesvos Mytilene not just a hotel in Lesvos or one of the Hotels in Lesvos | PARADISOS Thermi Lesvos Mytilene Kiral\u0131k Daireler ve Odalar, sadece Lesvos bir otel de\u011fil ya da Lesvos Otellerden biri de\u011fil\",\"breadcrumb\":{\"@id\":\"https:\\\/\\\/www.thermistudios.gr\\\/tr\\\/%ce%b5%cf%80%ce%b9%ce%ba%ce%bf%ce%b9%ce%bd%cf%89%ce%bd%ce%af%ce%b1\\\/#breadcrumb\"},\"inLanguage\":\"el\",\"potentialAction\":[{\"@type\":\"ReadAction\",\"target\":[\"https:\\\/\\\/www.thermistudios.gr\\\/tr\\\/%ce%b5%cf%80%ce%b9%ce%ba%ce%bf%ce%b9%ce%bd%cf%89%ce%bd%ce%af%ce%b1\\\/\"]}]},{\"@type\":\"ImageObject\",\"inLanguage\":\"el\",\"@id\":\"https:\\\/\\\/www.thermistudios.gr\\\/tr\\\/%ce%b5%cf%80%ce%b9%ce%ba%ce%bf%ce%b9%ce%bd%cf%89%ce%bd%ce%af%ce%b1\\\/#primaryimage\",\"url\":\"http:\\\/\\\/thestu.tp-server.gr\\\/tr\\\/wp-content\\\/uploads\\\/2017\\\/05\\\/phone-hand2b.jpg\",\"contentUrl\":\"http:\\\/\\\/thestu.tp-server.gr\\\/tr\\\/wp-content\\\/uploads\\\/2017\\\/05\\\/phone-hand2b.jpg\"},{\"@type\":\"BreadcrumbList\",\"@id\":\"https:\\\/\\\/www.thermistudios.gr\\\/tr\\\/%ce%b5%cf%80%ce%b9%ce%ba%ce%bf%ce%b9%ce%bd%cf%89%ce%bd%ce%af%ce%b1\\\/#breadcrumb\",\"itemListElement\":[{\"@type\":\"ListItem\",\"position\":1,\"name\":\"Home\",\"item\":\"https:\\\/\\\/www.thermistudios.gr\\\/tr\\\/\"},{\"@type\":\"ListItem\",\"position\":2,\"name\":\"\u0130leti\u015fim\"}]},{\"@type\":\"WebSite\",\"@id\":\"https:\\\/\\\/www.thermistudios.gr\\\/tr\\\/#website\",\"url\":\"https:\\\/\\\/www.thermistudios.gr\\\/tr\\\/\",\"name\":\"\u03a0\u0391\u03a1\u0391\u0394\u0395\u0399\u03a3\u039f\u03a3 \u0395\u03bd\u03bf\u03b9\u03ba\u03b9\u03b1\u03b6\u03cc\u03bc\u03b5\u03bd\u03b1 \u0394\u03b9\u03b1\u03bc\u03b5\u03c1\u03af\u03c3\u03bc\u03b1\u03c4\u03b1 \u03ba\u03b1\u03b9 \u0394\u03c9\u03bc\u03ac\u03c4\u03b9\u03b1 \u03c3\u03c4\u03b7 \u0398\u03b5\u03c1\u03bc\u03ae \u039c\u03c5\u03c4\u03b9\u03bb\u03ae\u03bd\u03b7 \u039b\u03ad\u03c3\u03b2\u03bf\u03c2 | PARADISOS Apartments for rent and Rooms for rent at Thermi Mytilene Lesvos | PARADISOS Thermi Mytilene Lesvos kiral\u0131k daire ve kiral\u0131k daireler\",\"description\":\"\u03a0\u03b1\u03c1\u03ac\u03b4\u03b5\u03b9\u03c3\u03bf\u03c2 \u0395\u03bd\u03bf\u03b9\u03ba\u03b9\u03b1\u03b6\u03cc\u03bc\u03b5\u03bd\u03b1 \u0394\u03b9\u03b1\u03bc\u03b5\u03c1\u03af\u03c3\u03bc\u03b1\u03c4\u03b1 \u03ba\u03b1\u03b9 \u0395\u03bd\u03bf\u03b9\u03ba\u03bf\u03b9\u03b1\u03b6\u03cc\u03bc\u03b5\u03bd\u03b1 \u0394\u03c9\u03bc\u03ac\u03c4\u03b9\u03b1 \u03c3\u03c4\u03b7 \u0398\u03ad\u03c1\u03bc\u03b7 \u039b\u03ad\u03c3\u03b2\u03bf\u03c2 \u039c\u03c5\u03c4\u03b9\u03bb\u03ae\u03bd\u03b7 \u03cc\u03c7\u03b9 \u03b1\u03c0\u03bb\u03ac \u03ad\u03bd\u03b1 \u039e\u03b5\u03bd\u03bf\u03b4\u03bf\u03c7\u03b5\u03af\u03bf \u03c3\u03c4\u03b7 \u039b\u03ad\u03c3\u03b2\u03bf \u03ae \u03ad\u03bd\u03b1 \u03b1\u03c0\u03cc \u03c4\u03b1 \u039e\u03b5\u03bd\u03bf\u03b4\u03bf\u03c7\u03b5\u03af\u03b1 \u03c3\u03c4\u03b7 \u039b\u03ad\u03c3\u03b2\u03bf | PARADISOS Apartments and Rooms to Rent in Thermi Lesvos Mytilene not just a hotel in Lesvos or one of the Hotels in Lesvos | PARADISOS Thermi Lesvos Mytilene Kiral\u0131k Daireler ve Odalar, sadece Lesvos bir otel de\u011fil ya da Lesvos Otellerden biri de\u011fil\",\"potentialAction\":[{\"@type\":\"SearchAction\",\"target\":{\"@type\":\"EntryPoint\",\"urlTemplate\":\"https:\\\/\\\/www.thermistudios.gr\\\/tr\\\/?s={search_term_string}\"},\"query-input\":{\"@type\":\"PropertyValueSpecification\",\"valueRequired\":true,\"valueName\":\"search_term_string\"}}],\"inLanguage\":\"el\"}]}<\/script>\n<!-- \/ Yoast SEO plugin. -->","yoast_head_json":{"title":"\u0130leti\u015fim | \u03a0\u0391\u03a1\u0391\u0394\u0395\u0399\u03a3\u039f\u03a3 \u0395\u03bd\u03bf\u03b9\u03ba\u03b9\u03b1\u03b6\u03cc\u03bc\u03b5\u03bd\u03b1 \u0394\u03b9\u03b1\u03bc\u03b5\u03c1\u03af\u03c3\u03bc\u03b1\u03c4\u03b1 \u03ba\u03b1\u03b9 \u0394\u03c9\u03bc\u03ac\u03c4\u03b9\u03b1 \u03c3\u03c4\u03b7 \u0398\u03b5\u03c1\u03bc\u03ae \u039c\u03c5\u03c4\u03b9\u03bb\u03ae\u03bd\u03b7 \u039b\u03ad\u03c3\u03b2\u03bf\u03c2 | PARADISOS Apartments for rent and Rooms for rent at Thermi Mytilene Lesvos | PARADISOS Thermi Mytilene Lesvos kiral\u0131k daire ve kiral\u0131k daireler","description":"\u03a0\u03b1\u03c1\u03ac\u03b4\u03b5\u03b9\u03c3\u03bf\u03c2 \u0395\u03bd\u03bf\u03b9\u03ba\u03b9\u03b1\u03b6\u03cc\u03bc\u03b5\u03bd\u03b1 \u0394\u03b9\u03b1\u03bc\u03b5\u03c1\u03af\u03c3\u03bc\u03b1\u03c4\u03b1 \u03ba\u03b1\u03b9 \u0395\u03bd\u03bf\u03b9\u03ba\u03bf\u03b9\u03b1\u03b6\u03cc\u03bc\u03b5\u03bd\u03b1 \u0394\u03c9\u03bc\u03ac\u03c4\u03b9\u03b1 \u03c3\u03c4\u03b7 \u0398\u03ad\u03c1\u03bc\u03b7 \u039b\u03ad\u03c3\u03b2\u03bf\u03c2 \u039c\u03c5\u03c4\u03b9\u03bb\u03ae\u03bd\u03b7 \u03cc\u03c7\u03b9 \u03b1\u03c0\u03bb\u03ac \u03ad\u03bd\u03b1 \u039e\u03b5\u03bd\u03bf\u03b4\u03bf\u03c7\u03b5\u03af\u03bf \u03c3\u03c4\u03b7 \u039b\u03ad\u03c3\u03b2\u03bf \u03ae \u03ad\u03bd\u03b1 \u03b1\u03c0\u03cc \u03c4\u03b1 \u039e\u03b5\u03bd\u03bf\u03b4\u03bf\u03c7\u03b5\u03af\u03b1 \u03c3\u03c4\u03b7 \u039b\u03ad\u03c3\u03b2\u03bf | PARADISOS Apartments and Rooms to Rent in Thermi Lesvos Mytilene not just a hotel in Lesvos or one of the Hotels in Lesvos | PARADISOS Thermi Lesvos Mytilene Kiral\u0131k Daireler ve Odalar, sadece Lesvos bir otel de\u011fil ya da Lesvos Otellerden biri de\u011fil","robots":{"index":"index","follow":"follow","max-snippet":"max-snippet:-1","max-image-preview":"max-image-preview:large","max-video-preview":"max-video-preview:-1"},"canonical":"https:\/\/www.thermistudios.gr\/tr\/\u03b5\u03c0\u03b9\u03ba\u03bf\u03b9\u03bd\u03c9\u03bd\u03af\u03b1\/","og_locale":"el_GR","og_type":"article","og_title":"\u0130leti\u015fim | \u03a0\u0391\u03a1\u0391\u0394\u0395\u0399\u03a3\u039f\u03a3 \u0395\u03bd\u03bf\u03b9\u03ba\u03b9\u03b1\u03b6\u03cc\u03bc\u03b5\u03bd\u03b1 \u0394\u03b9\u03b1\u03bc\u03b5\u03c1\u03af\u03c3\u03bc\u03b1\u03c4\u03b1 \u03ba\u03b1\u03b9 \u0394\u03c9\u03bc\u03ac\u03c4\u03b9\u03b1 \u03c3\u03c4\u03b7 \u0398\u03b5\u03c1\u03bc\u03ae \u039c\u03c5\u03c4\u03b9\u03bb\u03ae\u03bd\u03b7 \u039b\u03ad\u03c3\u03b2\u03bf\u03c2 | PARADISOS Apartments for rent and Rooms for rent at Thermi Mytilene Lesvos | PARADISOS Thermi Mytilene Lesvos kiral\u0131k daire ve kiral\u0131k daireler","og_description":"\u03a0\u03b1\u03c1\u03ac\u03b4\u03b5\u03b9\u03c3\u03bf\u03c2 \u0395\u03bd\u03bf\u03b9\u03ba\u03b9\u03b1\u03b6\u03cc\u03bc\u03b5\u03bd\u03b1 \u0394\u03b9\u03b1\u03bc\u03b5\u03c1\u03af\u03c3\u03bc\u03b1\u03c4\u03b1 \u03ba\u03b1\u03b9 \u0395\u03bd\u03bf\u03b9\u03ba\u03bf\u03b9\u03b1\u03b6\u03cc\u03bc\u03b5\u03bd\u03b1 \u0394\u03c9\u03bc\u03ac\u03c4\u03b9\u03b1 \u03c3\u03c4\u03b7 \u0398\u03ad\u03c1\u03bc\u03b7 \u039b\u03ad\u03c3\u03b2\u03bf\u03c2 \u039c\u03c5\u03c4\u03b9\u03bb\u03ae\u03bd\u03b7 \u03cc\u03c7\u03b9 \u03b1\u03c0\u03bb\u03ac \u03ad\u03bd\u03b1 \u039e\u03b5\u03bd\u03bf\u03b4\u03bf\u03c7\u03b5\u03af\u03bf \u03c3\u03c4\u03b7 \u039b\u03ad\u03c3\u03b2\u03bf \u03ae \u03ad\u03bd\u03b1 \u03b1\u03c0\u03cc \u03c4\u03b1 \u039e\u03b5\u03bd\u03bf\u03b4\u03bf\u03c7\u03b5\u03af\u03b1 \u03c3\u03c4\u03b7 \u039b\u03ad\u03c3\u03b2\u03bf | PARADISOS Apartments and Rooms to Rent in Thermi Lesvos Mytilene not just a hotel in Lesvos or one of the Hotels in Lesvos | PARADISOS Thermi Lesvos Mytilene Kiral\u0131k Daireler ve Odalar, sadece Lesvos bir otel de\u011fil ya da Lesvos Otellerden biri de\u011fil","og_url":"https:\/\/www.thermistudios.gr\/tr\/\u03b5\u03c0\u03b9\u03ba\u03bf\u03b9\u03bd\u03c9\u03bd\u03af\u03b1\/","og_site_name":"\u03a0\u0391\u03a1\u0391\u0394\u0395\u0399\u03a3\u039f\u03a3 \u0395\u03bd\u03bf\u03b9\u03ba\u03b9\u03b1\u03b6\u03cc\u03bc\u03b5\u03bd\u03b1 \u0394\u03b9\u03b1\u03bc\u03b5\u03c1\u03af\u03c3\u03bc\u03b1\u03c4\u03b1 \u03ba\u03b1\u03b9 \u0394\u03c9\u03bc\u03ac\u03c4\u03b9\u03b1 \u03c3\u03c4\u03b7 \u0398\u03b5\u03c1\u03bc\u03ae \u039c\u03c5\u03c4\u03b9\u03bb\u03ae\u03bd\u03b7 \u039b\u03ad\u03c3\u03b2\u03bf\u03c2 | PARADISOS Apartments for rent and Rooms for rent at Thermi Mytilene Lesvos | PARADISOS Thermi Mytilene Lesvos kiral\u0131k daire ve kiral\u0131k daireler","article_modified_time":"2017-06-06T07:16:32+00:00","og_image":[{"url":"http:\/\/thestu.tp-server.gr\/tr\/wp-content\/uploads\/2017\/05\/phone-hand2b.jpg","type":"","width":"","height":""}],"twitter_card":"summary_large_image","schema":{"@context":"https:\/\/schema.org","@graph":[{"@type":"WebPage","@id":"https:\/\/www.thermistudios.gr\/tr\/%ce%b5%cf%80%ce%b9%ce%ba%ce%bf%ce%b9%ce%bd%cf%89%ce%bd%ce%af%ce%b1\/","url":"https:\/\/www.thermistudios.gr\/tr\/%ce%b5%cf%80%ce%b9%ce%ba%ce%bf%ce%b9%ce%bd%cf%89%ce%bd%ce%af%ce%b1\/","name":"\u0130leti\u015fim | \u03a0\u0391\u03a1\u0391\u0394\u0395\u0399\u03a3\u039f\u03a3 \u0395\u03bd\u03bf\u03b9\u03ba\u03b9\u03b1\u03b6\u03cc\u03bc\u03b5\u03bd\u03b1 \u0394\u03b9\u03b1\u03bc\u03b5\u03c1\u03af\u03c3\u03bc\u03b1\u03c4\u03b1 \u03ba\u03b1\u03b9 \u0394\u03c9\u03bc\u03ac\u03c4\u03b9\u03b1 \u03c3\u03c4\u03b7 \u0398\u03b5\u03c1\u03bc\u03ae \u039c\u03c5\u03c4\u03b9\u03bb\u03ae\u03bd\u03b7 \u039b\u03ad\u03c3\u03b2\u03bf\u03c2 | PARADISOS Apartments for rent and Rooms for rent at Thermi Mytilene Lesvos | PARADISOS Thermi Mytilene Lesvos kiral\u0131k daire ve kiral\u0131k daireler","isPartOf":{"@id":"https:\/\/www.thermistudios.gr\/tr\/#website"},"primaryImageOfPage":{"@id":"https:\/\/www.thermistudios.gr\/tr\/%ce%b5%cf%80%ce%b9%ce%ba%ce%bf%ce%b9%ce%bd%cf%89%ce%bd%ce%af%ce%b1\/#primaryimage"},"image":{"@id":"https:\/\/www.thermistudios.gr\/tr\/%ce%b5%cf%80%ce%b9%ce%ba%ce%bf%ce%b9%ce%bd%cf%89%ce%bd%ce%af%ce%b1\/#primaryimage"},"thumbnailUrl":"http:\/\/thestu.tp-server.gr\/tr\/wp-content\/uploads\/2017\/05\/phone-hand2b.jpg","datePublished":"2017-05-29T18:47:59+00:00","dateModified":"2017-06-06T07:16:32+00:00","description":"\u03a0\u03b1\u03c1\u03ac\u03b4\u03b5\u03b9\u03c3\u03bf\u03c2 \u0395\u03bd\u03bf\u03b9\u03ba\u03b9\u03b1\u03b6\u03cc\u03bc\u03b5\u03bd\u03b1 \u0394\u03b9\u03b1\u03bc\u03b5\u03c1\u03af\u03c3\u03bc\u03b1\u03c4\u03b1 \u03ba\u03b1\u03b9 \u0395\u03bd\u03bf\u03b9\u03ba\u03bf\u03b9\u03b1\u03b6\u03cc\u03bc\u03b5\u03bd\u03b1 \u0394\u03c9\u03bc\u03ac\u03c4\u03b9\u03b1 \u03c3\u03c4\u03b7 \u0398\u03ad\u03c1\u03bc\u03b7 \u039b\u03ad\u03c3\u03b2\u03bf\u03c2 \u039c\u03c5\u03c4\u03b9\u03bb\u03ae\u03bd\u03b7 \u03cc\u03c7\u03b9 \u03b1\u03c0\u03bb\u03ac \u03ad\u03bd\u03b1 \u039e\u03b5\u03bd\u03bf\u03b4\u03bf\u03c7\u03b5\u03af\u03bf \u03c3\u03c4\u03b7 \u039b\u03ad\u03c3\u03b2\u03bf \u03ae \u03ad\u03bd\u03b1 \u03b1\u03c0\u03cc \u03c4\u03b1 \u039e\u03b5\u03bd\u03bf\u03b4\u03bf\u03c7\u03b5\u03af\u03b1 \u03c3\u03c4\u03b7 \u039b\u03ad\u03c3\u03b2\u03bf | PARADISOS Apartments and Rooms to Rent in Thermi Lesvos Mytilene not just a hotel in Lesvos or one of the Hotels in Lesvos | PARADISOS Thermi Lesvos Mytilene Kiral\u0131k Daireler ve Odalar, sadece Lesvos bir otel de\u011fil ya da Lesvos Otellerden biri de\u011fil","breadcrumb":{"@id":"https:\/\/www.thermistudios.gr\/tr\/%ce%b5%cf%80%ce%b9%ce%ba%ce%bf%ce%b9%ce%bd%cf%89%ce%bd%ce%af%ce%b1\/#breadcrumb"},"inLanguage":"el","potentialAction":[{"@type":"ReadAction","target":["https:\/\/www.thermistudios.gr\/tr\/%ce%b5%cf%80%ce%b9%ce%ba%ce%bf%ce%b9%ce%bd%cf%89%ce%bd%ce%af%ce%b1\/"]}]},{"@type":"ImageObject","inLanguage":"el","@id":"https:\/\/www.thermistudios.gr\/tr\/%ce%b5%cf%80%ce%b9%ce%ba%ce%bf%ce%b9%ce%bd%cf%89%ce%bd%ce%af%ce%b1\/#primaryimage","url":"http:\/\/thestu.tp-server.gr\/tr\/wp-content\/uploads\/2017\/05\/phone-hand2b.jpg","contentUrl":"http:\/\/thestu.tp-server.gr\/tr\/wp-content\/uploads\/2017\/05\/phone-hand2b.jpg"},{"@type":"BreadcrumbList","@id":"https:\/\/www.thermistudios.gr\/tr\/%ce%b5%cf%80%ce%b9%ce%ba%ce%bf%ce%b9%ce%bd%cf%89%ce%bd%ce%af%ce%b1\/#breadcrumb","itemListElement":[{"@type":"ListItem","position":1,"name":"Home","item":"https:\/\/www.thermistudios.gr\/tr\/"},{"@type":"ListItem","position":2,"name":"\u0130leti\u015fim"}]},{"@type":"WebSite","@id":"https:\/\/www.thermistudios.gr\/tr\/#website","url":"https:\/\/www.thermistudios.gr\/tr\/","name":"\u03a0\u0391\u03a1\u0391\u0394\u0395\u0399\u03a3\u039f\u03a3 \u0395\u03bd\u03bf\u03b9\u03ba\u03b9\u03b1\u03b6\u03cc\u03bc\u03b5\u03bd\u03b1 \u0394\u03b9\u03b1\u03bc\u03b5\u03c1\u03af\u03c3\u03bc\u03b1\u03c4\u03b1 \u03ba\u03b1\u03b9 \u0394\u03c9\u03bc\u03ac\u03c4\u03b9\u03b1 \u03c3\u03c4\u03b7 \u0398\u03b5\u03c1\u03bc\u03ae \u039c\u03c5\u03c4\u03b9\u03bb\u03ae\u03bd\u03b7 \u039b\u03ad\u03c3\u03b2\u03bf\u03c2 | PARADISOS Apartments for rent and Rooms for rent at Thermi Mytilene Lesvos | PARADISOS Thermi Mytilene Lesvos kiral\u0131k daire ve kiral\u0131k daireler","description":"\u03a0\u03b1\u03c1\u03ac\u03b4\u03b5\u03b9\u03c3\u03bf\u03c2 \u0395\u03bd\u03bf\u03b9\u03ba\u03b9\u03b1\u03b6\u03cc\u03bc\u03b5\u03bd\u03b1 \u0394\u03b9\u03b1\u03bc\u03b5\u03c1\u03af\u03c3\u03bc\u03b1\u03c4\u03b1 \u03ba\u03b1\u03b9 \u0395\u03bd\u03bf\u03b9\u03ba\u03bf\u03b9\u03b1\u03b6\u03cc\u03bc\u03b5\u03bd\u03b1 \u0394\u03c9\u03bc\u03ac\u03c4\u03b9\u03b1 \u03c3\u03c4\u03b7 \u0398\u03ad\u03c1\u03bc\u03b7 \u039b\u03ad\u03c3\u03b2\u03bf\u03c2 \u039c\u03c5\u03c4\u03b9\u03bb\u03ae\u03bd\u03b7 \u03cc\u03c7\u03b9 \u03b1\u03c0\u03bb\u03ac \u03ad\u03bd\u03b1 \u039e\u03b5\u03bd\u03bf\u03b4\u03bf\u03c7\u03b5\u03af\u03bf \u03c3\u03c4\u03b7 \u039b\u03ad\u03c3\u03b2\u03bf \u03ae \u03ad\u03bd\u03b1 \u03b1\u03c0\u03cc \u03c4\u03b1 \u039e\u03b5\u03bd\u03bf\u03b4\u03bf\u03c7\u03b5\u03af\u03b1 \u03c3\u03c4\u03b7 \u039b\u03ad\u03c3\u03b2\u03bf | PARADISOS Apartments and Rooms to Rent in Thermi Lesvos Mytilene not just a hotel in Lesvos or one of the Hotels in Lesvos | PARADISOS Thermi Lesvos Mytilene Kiral\u0131k Daireler ve Odalar, sadece Lesvos bir otel de\u011fil ya da Lesvos Otellerden biri de\u011fil","potentialAction":[{"@type":"SearchAction","target":{"@type":"EntryPoint","urlTemplate":"https:\/\/www.thermistudios.gr\/tr\/?s={search_term_string}"},"query-input":{"@type":"PropertyValueSpecification","valueRequired":true,"valueName":"search_term_string"}}],"inLanguage":"el"}]}},"_links":{"self":[{"href":"https:\/\/www.thermistudios.gr\/tr\/wp-json\/wp\/v2\/pages\/155","targetHints":{"allow":["GET"]}}],"collection":[{"href":"https:\/\/www.thermistudios.gr\/tr\/wp-json\/wp\/v2\/pages"}],"about":[{"href":"https:\/\/www.thermistudios.gr\/tr\/wp-json\/wp\/v2\/types\/page"}],"author":[{"embeddable":true,"href":"https:\/\/www.thermistudios.gr\/tr\/wp-json\/wp\/v2\/users\/1"}],"replies":[{"embeddable":true,"href":"https:\/\/www.thermistudios.gr\/tr\/wp-json\/wp\/v2\/comments?post=155"}],"version-history":[{"count":10,"href":"https:\/\/www.thermistudios.gr\/tr\/wp-json\/wp\/v2\/pages\/155\/revisions"}],"predecessor-version":[{"id":228,"href":"https:\/\/www.thermistudios.gr\/tr\/wp-json\/wp\/v2\/pages\/155\/revisions\/228"}],"wp:attachment":[{"href":"https:\/\/www.thermistudios.gr\/tr\/wp-json\/wp\/v2\/media?parent=155"}],"curies":[{"name":"wp","href":"https:\/\/api.w.org\/{rel}","templated":true}]}}